{"id":40,"date":"2014-09-24T13:12:16","date_gmt":"2014-09-24T13:12:16","guid":{"rendered":"http:\/\/artbees.net\/themes\/jupiter\/sponde\/?page_id=40"},"modified":"2015-02-16T20:56:00","modified_gmt":"2015-02-16T20:56:00","slug":"produtos-e-servicos","status":"publish","type":"page","link":"http:\/\/moscontrading.com.br\/site\/produtos-e-servicos\/","title":{"rendered":"Produtos e Servi\u00e7os"},"content":{"rendered":"<\/div><\/div><\/div><div class=\"wpb_row vc_row  vc_row-fluid  mk-fullwidth-true add-padding-0 attched-true vc_row-fluid\">\n\t<div style=\"\" class=\"vc_col-sm-12 wpb_column column_container \">\n\t\t\t<div class=\"mk-effect-wrapper\">    <div id=\"mk-page-title-box-69f30e1c568a2\" class=\"mk-page-title-box mk-background-stretch \">        \n    <div class=\"mk-effect-bg-layer mk-background-stretch \" data-top-top=\"transform: translateY(0%)\" data-top-bottom=\"transform: translateY(50%)\" data-effect=\"parallax\">\n        \n    <\/div>        <div class=\"mk-page-title-box-content\" data-top-top=\"opacity: 1\" data-250=\"opacity: 0\">            <div class=\"mk-grid\">                <h1 class=\"mk-page-title-box-title\">PRODUTOS E SERVI\u00c7OS<\/h1>                <div class=\"mk-page-title-box-subtitle\">O que oferecemos para voc\u00ea.<\/div>            <\/div>        <\/div><!-- mk-page-title-box-content -->    <\/div><!-- mk-page-title-box --><\/div><!-- mk-effect-wrapper -->\n<style type='text\/css'>\n    #mk-page-title-box-69f30e1c568a2 {\n        height: 500px;\n        background-color: ;\n        text-align: center;\n    }\n    #mk-page-title-box-69f30e1c568a2 .mk-page-title-box-title {\n        font-size: 50px;\n        line-height: 50px;\n        font-weight: 900;\n        color: #ffffff;\n        padding-bottom: 15px;\n        margin-bottom: 15px;\n        letter-spacing: 1px;\n    }\n    #mk-page-title-box-69f30e1c568a2 .mk-page-title-box-title--underline:after {\n        background: #ffffff;}\n    #mk-page-title-box-69f30e1c568a2 .mk-page-title-box-subtitle {\n        font-size: 20px;\n        line-size: 20px;\n        font-weight: normal;\n        color: #ffffff;}\n    #mk-page-title-box-69f30e1c568a2 .mk-effect-bg-layer {\n        background-image: url('http:\/\/moscontrading.com.br\/site\/wp-content\/uploads\/2015\/01\/produtos-e-servicos-fundo.jpg');\n        background-position:center center;\n    }\n<\/style>\n\t<\/div><\/div><div class=\"mk-main-wrapper-holder\"><div class=\"theme-page-wrapper full-layout mk-grid vc_row-fluid no-padding\"><div class=\"theme-content no-padding\"><\/div><\/div><\/div><div class=\"wpb_row vc_row  vc_row-fluid  mk-fullwidth-true add-padding-0 attched-true vc_row-fluid\">\n\t<div style=\"\" class=\"vc_col-sm-12 wpb_column column_container vc_custom_1421113862821 \">\n\t\t\t\n<style>@font-face {\n    font-family: 'pt_sansbold';\n    src: url('http:\/\/moscontrading.com.br\/site\/wp-content\/themes\/jupiter\/fontface\/pt_sans-web-bold-webfont.eot');\n    src: url('http:\/\/moscontrading.com.br\/site\/wp-content\/themes\/jupiter\/fontface\/pt_sans-web-bold-webfont.eot?#iefix') format('embedded-opentype'),\n         url('http:\/\/moscontrading.com.br\/site\/wp-content\/themes\/jupiter\/fontface\/pt_sans-web-bold-webfont.woff2') format('woff2'),\n         url('http:\/\/moscontrading.com.br\/site\/wp-content\/themes\/jupiter\/fontface\/pt_sans-web-bold-webfont.woff') format('woff'),\n         url('http:\/\/moscontrading.com.br\/site\/wp-content\/themes\/jupiter\/fontface\/pt_sans-web-bold-webfont.ttf') format('truetype'),\n         url('http:\/\/moscontrading.com.br\/site\/wp-content\/themes\/jupiter\/fontface\/pt_sans-web-bold-webfont.svg#pt_sansbold') format('svg');\n    font-weight: normal;\n    font-style: normal;\n\n}\n\n#fancy-title-69f30e1c571b3 {font-family: \"pt_sansbold\"}<\/style><h2 style=\"font-size: 36px;text-align:center;color: #ffffff;font-style:inhert;font-weight:inherit;margin-top:0px;margin-bottom:50px; text-transform:uppercase;letter-spacing:0px;\" id=\"fancy-title-69f30e1c571b3\" class=\"mk-shortcode mk-fancy-title fancy-title-align-center simple-style \"><span style=\"\">SERVI\u00c7OS<\/span><\/h2><div class=\"clearboth\"><\/div>\n<style>@font-face {\n    font-family: 'pt_sansregular';\n    src: url('http:\/\/moscontrading.com.br\/site\/wp-content\/themes\/jupiter\/fontface\/pt_sans-web-regular-webfont.eot');\n    src: url('http:\/\/moscontrading.com.br\/site\/wp-content\/themes\/jupiter\/fontface\/pt_sans-web-regular-webfont.eot?#iefix') format('embedded-opentype'),\n         url('http:\/\/moscontrading.com.br\/site\/wp-content\/themes\/jupiter\/fontface\/pt_sans-web-regular-webfont.woff2') format('woff2'),\n         url('http:\/\/moscontrading.com.br\/site\/wp-content\/themes\/jupiter\/fontface\/pt_sans-web-regular-webfont.woff') format('woff'),\n         url('http:\/\/moscontrading.com.br\/site\/wp-content\/themes\/jupiter\/fontface\/pt_sans-web-regular-webfont.ttf') format('truetype'),\n         url('http:\/\/moscontrading.com.br\/site\/wp-content\/themes\/jupiter\/fontface\/pt_sans-web-regular-webfont.svg#pt_sansregular') format('svg');\n    font-weight: normal;\n    font-style: normal;\n\n}\n\n#fancy-title-69f30e1c58662 {font-family: \"pt_sansregular\"}<\/style><h2 style=\"font-size: 14px;text-align:center;color: #ffffff;font-style:inhert;font-weight:inherit;margin-top:0px;margin-bottom:20px; letter-spacing:0px;\" id=\"fancy-title-69f30e1c58662\" class=\"mk-shortcode mk-fancy-title fancy-title-align-center simple-style \"><span style=\"\">Conhe\u00e7a um pouco sobre nossas \u00e1reas de atua\u00e7\u00e3o. Oferecemos solu\u00e7\u00f5es em comercializa\u00e7\u00e3o e<br \/>\ndistribui\u00e7\u00e3o de produtos e servi\u00e7os.<\/span><\/h2><div class=\"clearboth\"><\/div><div class=\"wpb_row vc_row  vc_row-fluid  mk-fullwidth-false  attched-false vc_row-fluid\">\n\t<div style=\"\" class=\"vc_col-sm-6 wpb_column column_container vc_custom_1411565921617 \">\n\t\t\t<div id=\"mk-icon-box-69f30e1c58f58\" class=\"mk-box-icon-2 box-align-center \">    <div class=\"mk-box-icon-2-image\" style=\"\"><img decoding=\"async\" src=\"http:\/\/moscontrading.com.br\/site\/wp-content\/uploads\/2014\/09\/exportacaoico.png\" alt=\"\" \/><\/div>    <h3 class=\"mk-box-icon-2-title\" style=\"font-weight:inherit; font-size:24px; color:#ffffff; padding:40px 0 20px 0;\">Exporta\u00e7\u00e3o<\/h3>    <div class=\"mk-box-icon-2-content\"><p>Levamos produtos brasileiros de qualidade aos mais diversos mercados do mundo. Nossos escrit\u00f3rios no exterior trabalham na busca de clientes e parcerias estrat\u00e9gicas para a companhia.<\/p>\n<\/div><\/div>\n\t<\/div>\n\t<div style=\"\" class=\"vc_col-sm-6 wpb_column column_container vc_custom_1411565927939 \">\n\t\t\t<div id=\"mk-icon-box-69f30e1c59222\" class=\"mk-box-icon-2 box-align-center \">    <div class=\"mk-box-icon-2-image\" style=\"\"><img decoding=\"async\" src=\"http:\/\/moscontrading.com.br\/site\/wp-content\/uploads\/2014\/09\/importacaoico.png\" alt=\"\" \/><\/div>    <h3 class=\"mk-box-icon-2-title\" style=\"font-weight:inherit; font-size:24px; color:#ffffff; padding:40px 0 20px 0;\">Importa\u00e7\u00e3o<\/h3>    <div class=\"mk-box-icon-2-content\"><p>Importamos produtos e servi\u00e7os destinados a segmentos estrat\u00e9gicos da economia, como alimentos, tecnologia e infraestrutura.<\/p>\n<\/div><\/div>\n\t<\/div><\/div>\n\t<\/div><\/div><div class=\"mk-main-wrapper-holder\"><div class=\"theme-page-wrapper full-layout mk-grid vc_row-fluid no-padding\"><div class=\"theme-content no-padding\"><div class=\"wpb_row vc_row  vc_row-fluid  mk-fullwidth-false  attched-false vc_row-fluid\">\n\t<div style=\"\" class=\"vc_col-sm-12 wpb_column column_container \">\n\t\t\t\n<style>@font-face {\n    font-family: 'pt_sansbold';\n    src: url('http:\/\/moscontrading.com.br\/site\/wp-content\/themes\/jupiter\/fontface\/pt_sans-web-bold-webfont.eot');\n    src: url('http:\/\/moscontrading.com.br\/site\/wp-content\/themes\/jupiter\/fontface\/pt_sans-web-bold-webfont.eot?#iefix') format('embedded-opentype'),\n         url('http:\/\/moscontrading.com.br\/site\/wp-content\/themes\/jupiter\/fontface\/pt_sans-web-bold-webfont.woff2') format('woff2'),\n         url('http:\/\/moscontrading.com.br\/site\/wp-content\/themes\/jupiter\/fontface\/pt_sans-web-bold-webfont.woff') format('woff'),\n         url('http:\/\/moscontrading.com.br\/site\/wp-content\/themes\/jupiter\/fontface\/pt_sans-web-bold-webfont.ttf') format('truetype'),\n         url('http:\/\/moscontrading.com.br\/site\/wp-content\/themes\/jupiter\/fontface\/pt_sans-web-bold-webfont.svg#pt_sansbold') format('svg');\n    font-weight: normal;\n    font-style: normal;\n\n}\n\n#fancy-title-69f30e1c59720 {font-family: \"pt_sansbold\"}<\/style><h2 style=\"font-size: 36px;text-align:center;color: #5c2321;font-style:inhert;font-weight:inherit;margin-top:100px;margin-bottom:50px; letter-spacing:0px;\" id=\"fancy-title-69f30e1c59720\" class=\"mk-shortcode mk-fancy-title fancy-title-align-center simple-style \"><span style=\"\">PRODUTOS<\/span><\/h2><div class=\"clearboth\"><\/div>\n<style>@font-face {\n    font-family: 'pt_sansregular';\n    src: url('http:\/\/moscontrading.com.br\/site\/wp-content\/themes\/jupiter\/fontface\/pt_sans-web-regular-webfont.eot');\n    src: url('http:\/\/moscontrading.com.br\/site\/wp-content\/themes\/jupiter\/fontface\/pt_sans-web-regular-webfont.eot?#iefix') format('embedded-opentype'),\n         url('http:\/\/moscontrading.com.br\/site\/wp-content\/themes\/jupiter\/fontface\/pt_sans-web-regular-webfont.woff2') format('woff2'),\n         url('http:\/\/moscontrading.com.br\/site\/wp-content\/themes\/jupiter\/fontface\/pt_sans-web-regular-webfont.woff') format('woff'),\n         url('http:\/\/moscontrading.com.br\/site\/wp-content\/themes\/jupiter\/fontface\/pt_sans-web-regular-webfont.ttf') format('truetype'),\n         url('http:\/\/moscontrading.com.br\/site\/wp-content\/themes\/jupiter\/fontface\/pt_sans-web-regular-webfont.svg#pt_sansregular') format('svg');\n    font-weight: normal;\n    font-style: normal;\n\n}\n\n#fancy-title-69f30e1c5986a {font-family: \"pt_sansregular\"}<\/style><h2 style=\"font-size: 14px;text-align:center;color: #5c2321;font-style:inhert;font-weight:inherit;margin-top:0px;margin-bottom:100px; letter-spacing:0px;\" id=\"fancy-title-69f30e1c5986a\" class=\"mk-shortcode mk-fancy-title fancy-title-align-center simple-style \"><span style=\"\">Trabalhamos com o que temos de melhor em vantagem competitiva.<\/span><\/h2><div class=\"clearboth\"><\/div><div class=\"wpb_row vc_row  vc_row-fluid  mk-fullwidth-false  attched-false vc_row-fluid\">\n\t<div style=\"\" class=\"vc_col-sm-4 wpb_column column_container \">\n\t\t\t<div class=\"mk-flipbox-container flip-horizontal \" style=\"height:1px; min-height:300px\">      <div class=\"mk-flipbox-flipper\"><div class=\"mk-flipbox-front \" style=\"background-color: #240c0a;\" > <div class=\"mk-flipbox-content\"><div class=\"front-icon\"><img decoding=\"async\" src=\"http:\/\/moscontrading.com.br\/site\/wp-content\/uploads\/2014\/09\/graos.jpg\" alt=\"\" \/><\/div>       <div class=\"front-title\" style=\"font-weight:inherit; font-size:24px; color:#ffffff;\">GR\u00c3OS<\/div>       <div class=\"front-desc\" style=\"font-size:20px; \"><\/div> <\/div><\/div><div class=\"mk-flipbox-back\" style=\"background-color: #f68b1f;\">  <div class=\"mk-flipbox-content\">        <div class=\"back-title\" style=\"font-weight:inherit; font-size:24px; color:#ffffff;\">GR\u00c3OS<\/div>        <div class=\"back-desc\" style=\"font-size:14px; color:#ffffff; \">Exporta\u00e7\u00e3o de soja, algod\u00e3o, milho, arroz e trigo, de lavouras com qualidade e produtividade, cultivadas com modernas t\u00e9cnicas de mapeamento gen\u00e9tico.<\/div>  <\/div><\/div>            <div class=\"clearboth\"><\/div>      <\/div><\/div>\n\t<\/div>\n\t<div style=\"\" class=\"vc_col-sm-4 wpb_column column_container \">\n\t\t\t<div class=\"mk-flipbox-container flip-horizontal \" style=\"height:1px; min-height:300px\">      <div class=\"mk-flipbox-flipper\"><div class=\"mk-flipbox-front \" style=\"background-color: #240c0a;\" > <div class=\"mk-flipbox-content\"><div class=\"front-icon\"><img decoding=\"async\" src=\"http:\/\/moscontrading.com.br\/site\/wp-content\/uploads\/2014\/09\/madeira.png\" alt=\"\" \/><\/div>       <div class=\"front-title\" style=\"font-weight:inherit; font-size:24px; color:#ffffff;\">MADEIRA<\/div>       <div class=\"front-desc\" style=\"font-size:20px; \"><\/div> <\/div><\/div><div class=\"mk-flipbox-back\" style=\"background-color: #f68b1f;\">  <div class=\"mk-flipbox-content\">        <div class=\"back-title\" style=\"font-weight:inherit; font-size:24px; color:#ffffff;\">MADEIRA<\/div>        <div class=\"back-desc\" style=\"font-size:14px; color:#ffffff; \">Nossa produ\u00e7\u00e3o de madeira se ajusta de acordo com uma variedade de especifica\u00e7\u00f5es. Oferecemos madeira com os mais variados tamanhos e acabamentos e buscamos sempre o modo mais econ\u00f4mico e flex\u00edvel para atender a demanda do mercado. Toda as esp\u00e9cies que comercializamos tem origem comprovada e atendem as normas legislativas. <\/div>  <\/div><\/div>            <div class=\"clearboth\"><\/div>      <\/div><\/div>\n\t<\/div>\n\t<div style=\"\" class=\"vc_col-sm-4 wpb_column column_container \">\n\t\t\t<div class=\"mk-flipbox-container flip-horizontal \" style=\"height:1px; min-height:300px\">      <div class=\"mk-flipbox-flipper\"><div class=\"mk-flipbox-front \" style=\"background-color: #240c0a;\" > <div class=\"mk-flipbox-content\"><div class=\"front-icon\"><img decoding=\"async\" src=\"http:\/\/moscontrading.com.br\/site\/wp-content\/uploads\/2014\/09\/maquinas.png\" alt=\"\" \/><\/div>       <div class=\"front-title\" style=\"font-weight:inherit; font-size:24px; color:#ffffff;\">M\u00c1QUINAS<\/div>       <div class=\"front-desc\" style=\"font-size:20px; \"><\/div> <\/div><\/div><div class=\"mk-flipbox-back\" style=\"background-color: #f68b1f;\">  <div class=\"mk-flipbox-content\">        <div class=\"back-title\" style=\"font-weight:inherit; font-size:24px; color:#ffffff;\">M\u00c1QUINAS<\/div>        <div class=\"back-desc\" style=\"font-size:14px; color:#ffffff; \">Comercializamos m\u00e1quinas de arados, colheita, cultivadores, grades, linha canavieira, plainas, ro\u00e7adeiras, semeadoras e pe\u00e7as.<br \/>\n<\/div>  <\/div><\/div>            <div class=\"clearboth\"><\/div>      <\/div><\/div>\n\t<\/div><\/div><div class=\"vc_empty_space\"  style=\"height: 30px\" ><span class=\"vc_empty_space_inner\"><\/span><\/div>\n\n<div class=\"wpb_row vc_row  vc_row-fluid  mk-fullwidth-false  attched-false vc_row-fluid\">\n\t<div style=\"\" class=\"vc_col-sm-4 wpb_column column_container \">\n\t\t\t<div class=\"mk-flipbox-container flip-horizontal \" style=\"height:1px; min-height:300px\">      <div class=\"mk-flipbox-flipper\"><div class=\"mk-flipbox-front \" style=\"background-color: #240c0a;\" > <div class=\"mk-flipbox-content\"><div class=\"front-icon\"><img decoding=\"async\" src=\"http:\/\/moscontrading.com.br\/site\/wp-content\/uploads\/2014\/09\/couro.jpg\" alt=\"\" \/><\/div>       <div class=\"front-title\" style=\"font-weight:inherit; font-size:24px; color:#ffffff;\">COURO<\/div>       <div class=\"front-desc\" style=\"font-size:20px; \"><\/div> <\/div><\/div><div class=\"mk-flipbox-back\" style=\"background-color: #f68b1f;\">  <div class=\"mk-flipbox-content\">        <div class=\"back-title\" style=\"font-weight:inherit; font-size:24px; color:#ffffff;\">COURO<\/div>        <div class=\"back-desc\" style=\"font-size:14px; color:#ffffff; \">Trabalhamos com diversificados tipos de couro: Wet blue, raspa wet blue, crust, salgado e acabado.<\/div>  <\/div><\/div>            <div class=\"clearboth\"><\/div>      <\/div><\/div>\n\t<\/div>\n\t<div style=\"\" class=\"vc_col-sm-4 wpb_column column_container \">\n\t\t\t\n\t<\/div>\n\t<div style=\"\" class=\"vc_col-sm-4 wpb_column column_container \">\n\t\t\t<div class=\"mk-flipbox-container flip-horizontal \" style=\"height:1px; min-height:300px\">      <div class=\"mk-flipbox-flipper\"><div class=\"mk-flipbox-front \" style=\"background-color: #240c0a;\" > <div class=\"mk-flipbox-content\"><div class=\"front-icon\"><img decoding=\"async\" src=\"http:\/\/moscontrading.com.br\/site\/wp-content\/uploads\/2014\/09\/carvaofoto.png\" alt=\"\" \/><\/div>       <div class=\"front-title\" style=\"font-weight:inherit; font-size:24px; color:#ffffff;\">FORNOS<\/div>       <div class=\"front-desc\" style=\"font-size:20px; \"><\/div> <\/div><\/div><div class=\"mk-flipbox-back\" style=\"background-color: #f68b1f;\">  <div class=\"mk-flipbox-content\">        <div class=\"back-title\" style=\"font-weight:inherit; font-size:24px; color:#ffffff;\">FORNOS<\/div>        <div class=\"back-desc\" style=\"font-size:14px; color:#ffffff; \">Fornos para produ\u00e7\u00e3o de carv\u00e3o: de alvenaria, retangulares da Vallourec&amp;Mannesman e de carboniza\u00e7\u00e3o cont\u00ednua em m\u00f3dulos horizontais. <\/div>  <\/div><\/div>            <div class=\"clearboth\"><\/div>      <\/div><\/div>\n\t<\/div><\/div><div class=\"vc_empty_space\"  style=\"height: 30px\" ><span class=\"vc_empty_space_inner\"><\/span><\/div>\n\n\n\t<\/div><\/div>\n","protected":false},"excerpt":{"rendered":"PRODUTOS E SERVI\u00c7OS O que oferecemos para voc\u00ea. #mk-page-title-box-69f30e1c5f026 { height: 500px; background-color: ; text-align: center; } #mk-page-title-box-69f30e1c5f026 .mk-page-title-box-title { font-size: 50px; line-height: 50px; font-weight: 900; color: #ffffff; padding-bottom: 15px; margin-bottom: 15px; letter-spacing: 1px; } #mk-page-title-box-69f30e1c5f026 .mk-page-title-box-title--underline:after { background: #ffffff;} #mk-page-title-box-69f30e1c5f026 .mk-page-title-box-subtitle { font-size: 20px; line-size: 20px; font-weight: normal; color: #ffffff;} #mk-page-title-box-69f30e1c5f026 .mk-effect-bg-layer { background-image: [...]","protected":false},"author":1,"featured_media":0,"parent":0,"menu_order":0,"comment_status":"open","ping_status":"open","template":"","meta":{"footnotes":""},"_links":{"self":[{"href":"http:\/\/moscontrading.com.br\/site\/wp-json\/wp\/v2\/pages\/40"}],"collection":[{"href":"http:\/\/moscontrading.com.br\/site\/wp-json\/wp\/v2\/pages"}],"about":[{"href":"http:\/\/moscontrading.com.br\/site\/wp-json\/wp\/v2\/types\/page"}],"author":[{"embeddable":true,"href":"http:\/\/moscontrading.com.br\/site\/wp-json\/wp\/v2\/users\/1"}],"replies":[{"embeddable":true,"href":"http:\/\/moscontrading.com.br\/site\/wp-json\/wp\/v2\/comments?post=40"}],"version-history":[{"count":15,"href":"http:\/\/moscontrading.com.br\/site\/wp-json\/wp\/v2\/pages\/40\/revisions"}],"predecessor-version":[{"id":6246,"href":"http:\/\/moscontrading.com.br\/site\/wp-json\/wp\/v2\/pages\/40\/revisions\/6246"}],"wp:attachment":[{"href":"http:\/\/moscontrading.com.br\/site\/wp-json\/wp\/v2\/media?parent=40"}],"curies":[{"name":"wp","href":"https:\/\/api.w.org\/{rel}","templated":true}]}}