{"id":36,"date":"2014-09-24T13:09:40","date_gmt":"2014-09-24T13:09:40","guid":{"rendered":"http:\/\/artbees.net\/themes\/jupiter\/sponde\/?page_id=36"},"modified":"2015-02-17T03:42:41","modified_gmt":"2015-02-17T03:42:41","slug":"home","status":"publish","type":"page","link":"https:\/\/moscontrading.com.br\/site\/","title":{"rendered":"Home"},"content":{"rendered":"<\/div><\/div><\/div><div class=\"wpb_row vc_row  vc_row-fluid  mk-fullwidth-true add-padding-0 attched-true vc_row-fluid\">\n\t<div style=\"\" class=\"vc_col-sm-12 wpb_column column_container \">\n\t\t\t<div id=\"mk-edge-slider-69d62912a173f\" class=\"mk-edge-slider swiper-container first-el-false\" data-animation=\"slide\" data-height=\"700\" data-first=\"false\" data-fullHeight=\"true\" data-pause=\"7000\" data-speed=\"700\" data-pagination=\"true\"><div style=\"height:700px\" class=\"edge-slider-holder swiper-wrapper\"><div class=\"swiper-slide left_center mk-background-stretch\" data-header-skin=\"dark\"><div class=\"mk-section-image slide\"   style=\"background-image:url(http:\/\/moscontrading.com.br\/site\/wp-content\/uploads\/2014\/11\/fotoslider021.jpg); background-color:\" ><\/div><div class=\"slider-content\"><div class=\"mk-grid\"><div class=\"edge-slide-content edge-default_anim caption-light\" style=\"width:70%\"><div class=\"edge-title-area\"><div class=\"edge-title\" style=\"font-size : 3.125em;font-weight:300;\">A MOSCON TRADING<\/div><div class=\"edge-desc\" style=\"\">Agora estamos on-line, saiba mais sobre nossa companhia e acompanhe nossas atividades<\/div><\/div><div class=\"edge-buttons\"><div class=\"mk-button-align none\"><a href=\"http:\/\/moscontrading.com.br\/site\/a-moscon\/\" target=\"_self\"  class=\"mk-button custom button-69d62912a2e9d  outline-dimension large pointed \"><span>SOBRE A NOSSA EMPRESA<\/span><\/a><\/div>\n\n<style type=\"text\/css\">\n    .button-69d62912a2e9d {\n                margin-bottom: 0px;\n                margin-top: 0px;\n                min-width: 0px !important;\n\n        }\n\n                 .button-69d62912a2e9d {\n                    border-color: #ffffff !important;\n                    color: #ffffff;\n                }\n\n                 .button-69d62912a2e9d:hover {\n                    background-color:#ffffff !important;\n                    color: #252525 !important;\n                }\n                .button-69d62912a2e9d:hover i {\n                 color: #252525;   \n                }\n                <\/style><\/div><\/div><!--\/edge-slide-content--><\/div><!--\/mk-grid--><\/div><!--\/slider-content--><\/div><!--\/edge-slide--><div class=\"swiper-slide center_center mk-background-stretch\" data-header-skin=\"dark\"><div class=\"mk-section-image slide\"   style=\"background-image:url(http:\/\/moscontrading.com.br\/site\/wp-content\/uploads\/2014\/09\/fotoslider01.jpg); background-color:\" ><\/div><div class=\"slider-content\"><div class=\"mk-grid\"><div class=\"edge-slide-content edge-default_anim caption-custom\" style=\"width:70%\"><div class=\"edge-title-area\"><div class=\"edge-title\" style=\"font-size : 2em;font-weight:300;color:#ffffff;\">A ALVORADA DOS SEUS NEG\u00d3CIOS COM O MUNDO<\/div><div class=\"edge-desc\" style=\"color:#ffffff;\">Portf\u00f3lio diversificado <\/div><\/div><div class=\"edge-buttons\"><div class=\"mk-button-align none\"><a href=\"http:\/\/moscontrading.com.br\/site\/produtos-e-servicos\/\" target=\"_self\"  class=\"mk-button custom button-69d62912a3256  outline-dimension large rounded \"><span>CONHE\u00c7A NOSSOS PRODUTOS E SERVI\u00c7OS<\/span><\/a><\/div>\n\n<style type=\"text\/css\">\n    .button-69d62912a3256 {\n                margin-bottom: 0px;\n                margin-top: 0px;\n                min-width: 0px !important;\n\n        }\n\n                 .button-69d62912a3256 {\n                    border-color: #ffffff !important;\n                    color: #ffffff;\n                }\n\n                 .button-69d62912a3256:hover {\n                    background-color:#ffffff !important;\n                    color: #252525 !important;\n                }\n                .button-69d62912a3256:hover i {\n                 color: #252525;   \n                }\n                <\/style><\/div><\/div><!--\/edge-slide-content--><\/div><!--\/mk-grid--><\/div><!--\/slider-content--><\/div><!--\/edge-slide--><\/div><div class=\"edge-skip-slider\" data-skin=\"dark\"><i class=\"mk-jupiter-icon-arrow-bottom\"><\/i><\/div><span class=\"mk-edge-nav nav-roundslide\">\t<a class=\"mk-edge-prev\" data-skin=\"\">\t\t<span class=\"mk-edge-icon-wrap\"><i class=\"mk-jupiter-icon-arrow-left\"><\/i><\/span>\t\t<div class=\"mk-edge-nav\">\t\t\t<span class=\"edge-nav-bg\"><\/span>\t\t\t<span class=\"prev-item-caption nav-item-caption\"><\/span>\t\t<\/div>\t<\/a><\/span><span class=\"mk-edge-nav nav-roundslide\">\t<a class=\"mk-edge-next\" data-skin=\"\">\t\t<span class=\"mk-edge-icon-wrap\"><i class=\"mk-jupiter-icon-arrow-right\"><\/i><\/span>\t\t<div class=\"mk-edge-nav\">\t\t\t<span class=\"edge-nav-bg\"><\/span>\t\t\t<span class=\"next-item-caption nav-item-caption\"><\/span>\t\t<\/div>\t<\/a><\/span><div class=\"swiper-pagination pagination-stroke\" data-skin=\"dark\"><\/div><div class=\"edge-slider-loading\"><div class=\"mk-preloader\"><\/div><\/div><\/div>\n<style>\n\t#mk-edge-slider-69d62912a173f {\n\t\tbackground-color: #000000;\n\t}\n<\/style>\n\t<\/div><\/div><div class=\"mk-main-wrapper-holder\"><div class=\"theme-page-wrapper full-layout mk-grid vc_row-fluid no-padding\"><div class=\"theme-content no-padding\"><div class=\"wpb_row vc_row  vc_row-fluid  mk-fullwidth-false  attched-false vc_row-fluid\">\n\t<div style=\"\" class=\"vc_col-sm-12 wpb_column column_container vc_custom_1416770628145 \">\n\t\t\t<div class=\"wpb_row vc_row  vc_row-fluid  mk-fullwidth-false  attched-false vc_row-fluid\">\n\t<div style=\"\" class=\"vc_col-sm-3 wpb_column column_container vc_custom_1411565921617 \">\n\t\t\t<div id=\"mk-icon-box-69d62912a6875\" class=\"mk-box-icon-2 box-align-center \"><style type=\"text\/css\">\n            #mk-icon-box-69d62912a6875 .mk-box-icon-2-icon {\n                font-size:48px; color:#5c2321;background-color:#ffffff;border:1px solid #5c2321;\n            }\n            #mk-icon-box-69d62912a6875 .mk-box-icon-2-icon:hover{\n                color:#ffffff;background-color:#5c2321;border:1px solid #5c2321;\n            }\n    <\/style>    <div class=\"mk-box-icon-2-icon size-48\"><i class=\"mk-li-sun\"><\/i><\/div>    <h3 class=\"mk-box-icon-2-title\" style=\"font-weight:inherit; font-size:20px; color:#333333; padding:35px 0 20px 0;\">A Moscon<\/h3>    <div class=\"mk-box-icon-2-content\"><p>Somos uma trading que leva\u00a0produtos nacionais de qualidade para os mais diversos mercados internacionais.<\/p>\n<\/div><\/div>\n\t<\/div>\n\t<div style=\"\" class=\"vc_col-sm-3 wpb_column column_container vc_custom_1411565927939 \">\n\t\t\t<div id=\"mk-icon-box-69d62912a6a80\" class=\"mk-box-icon-2 box-align-center \"><style type=\"text\/css\">\n            #mk-icon-box-69d62912a6a80 .mk-box-icon-2-icon {\n                font-size:48px; color:#5c2321;background-color:#ffffff;border:1px solid #5c2321;\n            }\n            #mk-icon-box-69d62912a6a80 .mk-box-icon-2-icon:hover{\n                color:#ffffff;background-color:#5c2321;border:1px solid #5c2321;\n            }\n    <\/style>    <div class=\"mk-box-icon-2-icon size-48\"><i class=\"mk-moon-leaf\"><\/i><\/div>    <h3 class=\"mk-box-icon-2-title\" style=\"font-weight:inherit; font-size:20px; color:#333333; padding:35px 0 20px 0;\">Nossa hist\u00f3ria<\/h3>    <div class=\"mk-box-icon-2-content\"><p>Desde 1974 acumulando conhecimento te\u00f3rico\/t\u00e9cnico\u00a0e pr\u00e1tico no ramo, com tradi\u00e7\u00e3o na presta\u00e7\u00e3o dos nossos servi\u00e7os.<\/p>\n<\/div><\/div>\n\t<\/div>\n\t<div style=\"\" class=\"vc_col-sm-3 wpb_column column_container vc_custom_1411565934607 \">\n\t\t\t<div id=\"mk-icon-box-69d62912a6c40\" class=\"mk-box-icon-2 box-align-center \"><style type=\"text\/css\">\n            #mk-icon-box-69d62912a6c40 .mk-box-icon-2-icon {\n                font-size:48px; color:#5c2321;background-color:#ffffff;border:1px solid #5c2321;\n            }\n            #mk-icon-box-69d62912a6c40 .mk-box-icon-2-icon:hover{\n                color:#ffffff;background-color:#5c2321;border:1px solid #5c2321;\n            }\n    <\/style>    <div class=\"mk-box-icon-2-icon size-48\"><i class=\"mk-moon-eye\"><\/i><\/div>    <h3 class=\"mk-box-icon-2-title\" style=\"font-weight:inherit; font-size:20px; color:#333333; padding:35px 0 20px 0;\">Nossa Vis\u00e3o<\/h3>    <div class=\"mk-box-icon-2-content\"><p>Inspirar e capacitar nossos colaboradores, responsabilidade social e disciplina\/foco em alcan\u00e7ar nossos\u00a0objetivos.<\/p>\n<\/div><\/div>\n\t<\/div>\n\t<div style=\"\" class=\"vc_col-sm-3 wpb_column column_container vc_custom_1411565941381 \">\n\t\t\t<div id=\"mk-icon-box-69d62912a6df2\" class=\"mk-box-icon-2 box-align-center \"><style type=\"text\/css\">\n            #mk-icon-box-69d62912a6df2 .mk-box-icon-2-icon {\n                font-size:48px; color:#5c2321;background-color:#ffffff;border:1px solid #5c2321;\n            }\n            #mk-icon-box-69d62912a6df2 .mk-box-icon-2-icon:hover{\n                color:#ffffff;background-color:#5c2321;border:1px solid #5c2321;\n            }\n    <\/style>    <div class=\"mk-box-icon-2-icon size-48\"><i class=\"mk-li-target\"><\/i><\/div>    <h3 class=\"mk-box-icon-2-title\" style=\"font-weight:inherit; font-size:20px; color:#333333; padding:35px 0 20px 0;\">Foco Estrat\u00e9gico<\/h3>    <div class=\"mk-box-icon-2-content\"><p>Maximiza\u00e7\u00e3o da capacidade de\u00a0investimento\u00a0e qualidade das transa\u00e7\u00f5es comerciais efetuadas.<\/p>\n<\/div><\/div>\n\t<\/div><\/div><div class=\"mk-button-align center\"><a href=\"http:\/\/moscontrading.com.br\/site\/a-moscon\/\" target=\"_self\"  class=\"mk-button custom button-69d62912a6f41 light outline-dimension large rounded \"><span>SAIBA MAIS<\/span><\/a><\/div>\n\n<style type=\"text\/css\">\n    .button-69d62912a6f41 {\n                margin-bottom: 0px;\n                margin-top: 60px;\n                min-width: 300px !important;\n\n        }\n\n                 .button-69d62912a6f41 {\n                    border-color: #f68b1f !important;\n                    color: #f68b1f;\n                }\n\n                 .button-69d62912a6f41:hover {\n                    background-color:#f68b1f !important;\n                    color: #ffffff !important;\n                }\n                .button-69d62912a6f41:hover i {\n                 color: #ffffff;   \n                }\n                <\/style>\n\t<\/div><\/div><div class=\"clearboth\"><\/div><\/div><\/div><\/div><div id=\"mk-page-section-69d62912a88cb\" data-intro-effect=\"false\" class=\"full-width-69d62912a88cb mk-background-stretch  full-height-false parallax-false mk-page-section mk-blur-parent mk-shortcode  \" data-speedFactor=\"0.3\"><div class=\"mk-video-color-mask\"><\/div><div class=\"mk-grid vc_row-fluid page-section-content\"><div class=\"mk-padding-wrapper\">\n\t<div style=\"\" class=\"vc_col-sm-12 wpb_column column_container vc_custom_1420431770990 \">\n\t\t\t\n<style>@font-face {\n    font-family: 'pt_sansbold';\n    src: url('https:\/\/moscontrading.com.br\/site\/wp-content\/themes\/jupiter\/fontface\/pt_sans-web-bold-webfont.eot');\n    src: url('https:\/\/moscontrading.com.br\/site\/wp-content\/themes\/jupiter\/fontface\/pt_sans-web-bold-webfont.eot?#iefix') format('embedded-opentype'),\n         url('https:\/\/moscontrading.com.br\/site\/wp-content\/themes\/jupiter\/fontface\/pt_sans-web-bold-webfont.woff2') format('woff2'),\n         url('https:\/\/moscontrading.com.br\/site\/wp-content\/themes\/jupiter\/fontface\/pt_sans-web-bold-webfont.woff') format('woff'),\n         url('https:\/\/moscontrading.com.br\/site\/wp-content\/themes\/jupiter\/fontface\/pt_sans-web-bold-webfont.ttf') format('truetype'),\n         url('https:\/\/moscontrading.com.br\/site\/wp-content\/themes\/jupiter\/fontface\/pt_sans-web-bold-webfont.svg#pt_sansbold') format('svg');\n    font-weight: normal;\n    font-style: normal;\n\n}\n\n#fancy-title-69d62912a8c7b {font-family: \"pt_sansbold\"}<\/style><h4 style=\"font-size: 36px;text-align:center;color: #5c2321;font-style:inhert;font-weight:bold;margin-top:0px;margin-bottom:20px; text-transform:none;letter-spacing:0px;\" id=\"fancy-title-69d62912a8c7b\" class=\"mk-shortcode mk-fancy-title fancy-title-align-center simple-style \"><span style=\"\">PRODUTOS E SERVI\u00c7OS<\/span><\/h4><div class=\"clearboth\"><\/div>\n<style>@font-face {\n    font-family: 'pt_sansitalic';\n    src: url('https:\/\/moscontrading.com.br\/site\/wp-content\/themes\/jupiter\/fontface\/pt_sans-web-italic-webfont.eot');\n    src: url('https:\/\/moscontrading.com.br\/site\/wp-content\/themes\/jupiter\/fontface\/pt_sans-web-italic-webfont.eot?#iefix') format('embedded-opentype'),\n         url('https:\/\/moscontrading.com.br\/site\/wp-content\/themes\/jupiter\/fontface\/pt_sans-web-italic-webfont.woff2') format('woff2'),\n         url('https:\/\/moscontrading.com.br\/site\/wp-content\/themes\/jupiter\/fontface\/pt_sans-web-italic-webfont.woff') format('woff'),\n         url('https:\/\/moscontrading.com.br\/site\/wp-content\/themes\/jupiter\/fontface\/pt_sans-web-italic-webfont.ttf') format('truetype'),\n         url('https:\/\/moscontrading.com.br\/site\/wp-content\/themes\/jupiter\/fontface\/pt_sans-web-italic-webfont.svg#pt_sansitalic') format('svg');\n    font-weight: normal;\n    font-style: normal;\n\n}\n\n#fancy-title-69d62912ad392 {font-family: \"pt_sansitalic\"}<\/style><h5 style=\"font-size: 16px;text-align:center;color: #5c2321;font-style:inhert;font-weight:normal;margin-top:0px;margin-bottom:50px; text-transform:none;letter-spacing:0px;\" id=\"fancy-title-69d62912ad392\" class=\"mk-shortcode mk-fancy-title fancy-title-align-center simple-style \"><span style=\"\">Trabalhamos com o que temos de melhor em vantagem competitiva: commodities.<\/span><\/h5><div class=\"clearboth\"><\/div><div class=\"wpb_row vc_row  vc_row-fluid  mk-fullwidth-false add-padding-0 attched-true vc_row-fluid\">\n\t<div style=\"\" class=\"vc_col-sm-2 wpb_column column_container \">\n\t\t\t<div id=\"mk-icon-box-69d62912ad6e8\" class=\"mk-box-icon-2 box-align-center \">    <div class=\"mk-box-icon-2-image\" style=\"width:48px;\"><img decoding=\"async\" src=\"http:\/\/moscontrading.com.br\/site\/wp-content\/uploads\/2014\/09\/graosico.png\" alt=\"\" \/><\/div>    <h3 class=\"mk-box-icon-2-title\" style=\"font-weight:inherit; font-size:20px; color:#5c2321; padding:10px 0 10px 0;\">Gr\u00e3os<\/h3>    <div class=\"mk-box-icon-2-content\"><\/div><\/div>\n\t<\/div>\n\t<div style=\"\" class=\"vc_col-sm-2 wpb_column column_container \">\n\t\t\t<div id=\"mk-icon-box-69d62912ad86d\" class=\"mk-box-icon-2 box-align-center \">    <div class=\"mk-box-icon-2-image\" style=\"width:48px;\"><img decoding=\"async\" src=\"http:\/\/moscontrading.com.br\/site\/wp-content\/uploads\/2014\/09\/fornosico.png\" alt=\"\" \/><\/div>    <h3 class=\"mk-box-icon-2-title\" style=\"font-weight:inherit; font-size:20px; color:#5c2321; padding:10px 0 10px 0;\">Fornos<\/h3>    <div class=\"mk-box-icon-2-content\"><\/div><\/div>\n\t<\/div>\n\t<div style=\"\" class=\"vc_col-sm-2 wpb_column column_container \">\n\t\t\t<div id=\"mk-icon-box-69d62912ada0a\" class=\"mk-box-icon-2 box-align-center \">    <div class=\"mk-box-icon-2-image\" style=\"width:48px;\"><img decoding=\"async\" src=\"http:\/\/moscontrading.com.br\/site\/wp-content\/uploads\/2014\/09\/maquinasico.png\" alt=\"\" \/><\/div>    <h3 class=\"mk-box-icon-2-title\" style=\"font-weight:inherit; font-size:20px; color:#5c2321; padding:10px 0 10px 0;\">M\u00e1quinas<\/h3>    <div class=\"mk-box-icon-2-content\"><\/div><\/div>\n\t<\/div>\n\t<div style=\"\" class=\"vc_col-sm-2 wpb_column column_container \">\n\t\t\t<div id=\"mk-icon-box-69d62912adb97\" class=\"mk-box-icon-2 box-align-center \">    <div class=\"mk-box-icon-2-image\" style=\"width:48px;\"><img decoding=\"async\" src=\"http:\/\/moscontrading.com.br\/site\/wp-content\/uploads\/2014\/09\/couroico.png\" alt=\"\" \/><\/div>    <h3 class=\"mk-box-icon-2-title\" style=\"font-weight:inherit; font-size:20px; color:#5c2321; padding:10px 0 10px 0;\">Couro<\/h3>    <div class=\"mk-box-icon-2-content\"><\/div><\/div>\n\t<\/div>\n\t<div style=\"\" class=\"vc_col-sm-2 wpb_column column_container \">\n\t\t\t<div id=\"mk-icon-box-69d62912add25\" class=\"mk-box-icon-2 box-align-center \">    <div class=\"mk-box-icon-2-image\" style=\"width:48px;\"><img decoding=\"async\" src=\"http:\/\/moscontrading.com.br\/site\/wp-content\/uploads\/2014\/09\/arvoreico.png\" alt=\"\" \/><\/div>    <h3 class=\"mk-box-icon-2-title\" style=\"font-weight:inherit; font-size:20px; color:#5c2321; padding:10px 0 10px 0;\">Madeira<\/h3>    <div class=\"mk-box-icon-2-content\"><\/div><\/div>\n\t<\/div>\n\t<div style=\"\" class=\"vc_col-sm-2 wpb_column column_container \">\n\t\t\t<div id=\"mk-icon-box-69d62912adea1\" class=\"mk-box-icon-2 box-align-center \">    <div class=\"mk-box-icon-2-image\" style=\"width:48px;\"><img decoding=\"async\" src=\"http:\/\/moscontrading.com.br\/site\/wp-content\/uploads\/2014\/09\/outros.png\" alt=\"\" \/><\/div>    <h3 class=\"mk-box-icon-2-title\" style=\"font-weight:inherit; font-size:20px; color:#5c2321; padding:10px 0 10px 0;\">Outros<\/h3>    <div class=\"mk-box-icon-2-content\"><\/div><\/div>\n\t<\/div><\/div><div class=\"mk-button-align center\"><a href=\"http:\/\/moscontrading.com.br\/site\/produtos-e-servicos\/\" target=\"_self\"  class=\"mk-button outline-btn-dark button-69d62912adfde light outline-dimension large rounded \"><span>CONHE\u00c7A UM POUCO MAIS SOBRE NOSSO PORTFOLIO DE PRODUTOS<\/span><\/a><\/div>\n\n<style type=\"text\/css\">\n    .button-69d62912adfde {\n                margin-bottom: 0px;\n                margin-top: 50px;\n                min-width: 300px !important;\n\n        }\n<\/style>\n\t<\/div><\/div><div class=\"clearboth\"><\/div><\/div><div class=\"clearboth\"><\/div><\/div>\n<style type='text\/css'>\n.full-width-69d62912a88cb {\n    min-height:100px;\n    padding:100px 0 100px;\n    \n    background-attachment:fixed;\n    background-color:#f68b1f;\n    background-position:center center;\n    background-repeat:repeat;\n    margin-bottom:0px;\n    \n}\n     \n.full-width-69d62912a88cb .mk-fancy-title.pattern-style span, \n.full-width-69d62912a88cb .mk-blog-view-all\n{\n    background-color: #f68b1f !important;\n}<\/style><div class=\"mk-main-wrapper-holder\"><div class=\"theme-page-wrapper  -layout mk-grid vc_row-fluid row-fluid\"><div class=\"theme-content \"><div class=\"clearboth\"><\/div><\/div><\/div><\/div><div id=\"mk-page-section-69d62912ae1da\" data-intro-effect=\"false\" class=\"full-width-69d62912ae1da  full-height-false parallax-false mk-page-section mk-blur-parent mk-shortcode  \" data-speedFactor=\"0.3\"><div class=\"mk-video-color-mask\"><\/div><div class=\"mk-grid vc_row-fluid page-section-content\"><div class=\"mk-padding-wrapper\">\n\t<div style=\"\" class=\"vc_col-sm-12 wpb_column column_container \">\n\t\t\t\n<style>@font-face {\n    font-family: 'pt_sansbold';\n    src: url('https:\/\/moscontrading.com.br\/site\/wp-content\/themes\/jupiter\/fontface\/pt_sans-web-bold-webfont.eot');\n    src: url('https:\/\/moscontrading.com.br\/site\/wp-content\/themes\/jupiter\/fontface\/pt_sans-web-bold-webfont.eot?#iefix') format('embedded-opentype'),\n         url('https:\/\/moscontrading.com.br\/site\/wp-content\/themes\/jupiter\/fontface\/pt_sans-web-bold-webfont.woff2') format('woff2'),\n         url('https:\/\/moscontrading.com.br\/site\/wp-content\/themes\/jupiter\/fontface\/pt_sans-web-bold-webfont.woff') format('woff'),\n         url('https:\/\/moscontrading.com.br\/site\/wp-content\/themes\/jupiter\/fontface\/pt_sans-web-bold-webfont.ttf') format('truetype'),\n         url('https:\/\/moscontrading.com.br\/site\/wp-content\/themes\/jupiter\/fontface\/pt_sans-web-bold-webfont.svg#pt_sansbold') format('svg');\n    font-weight: normal;\n    font-style: normal;\n\n}\n\n#fancy-title-69d62912ae451 {font-family: \"pt_sansbold\"}<\/style><h2 style=\"font-size: 36px;text-align:center;color: #ffffff;font-style:inhert;font-weight:inherit;margin-top:100px;margin-bottom:18px; letter-spacing:0px;\" id=\"fancy-title-69d62912ae451\" class=\"mk-shortcode mk-fancy-title fancy-title-align-center simple-style \"><span style=\"\">\n<p style=\"text-align: center;\">NOSSOS PARCEIROS<\/p>\n<\/span><\/h2><div class=\"clearboth\"><\/div>\n<style>@font-face {\n    font-family: 'pt_sansitalic';\n    src: url('https:\/\/moscontrading.com.br\/site\/wp-content\/themes\/jupiter\/fontface\/pt_sans-web-italic-webfont.eot');\n    src: url('https:\/\/moscontrading.com.br\/site\/wp-content\/themes\/jupiter\/fontface\/pt_sans-web-italic-webfont.eot?#iefix') format('embedded-opentype'),\n         url('https:\/\/moscontrading.com.br\/site\/wp-content\/themes\/jupiter\/fontface\/pt_sans-web-italic-webfont.woff2') format('woff2'),\n         url('https:\/\/moscontrading.com.br\/site\/wp-content\/themes\/jupiter\/fontface\/pt_sans-web-italic-webfont.woff') format('woff'),\n         url('https:\/\/moscontrading.com.br\/site\/wp-content\/themes\/jupiter\/fontface\/pt_sans-web-italic-webfont.ttf') format('truetype'),\n         url('https:\/\/moscontrading.com.br\/site\/wp-content\/themes\/jupiter\/fontface\/pt_sans-web-italic-webfont.svg#pt_sansitalic') format('svg');\n    font-weight: normal;\n    font-style: normal;\n\n}\n\n#fancy-title-69d62912ae5e1 {font-family: \"pt_sansitalic\"}<\/style><h5 style=\"font-size: 16px;text-align:center;color: #ffffff;font-style:inhert;font-weight:inherit;margin-top:0px;margin-bottom:50px; letter-spacing:0px;\" id=\"fancy-title-69d62912ae5e1\" class=\"mk-shortcode mk-fancy-title fancy-title-align-center simple-style \"><span style=\"\">Fortes alian\u00e7as comerciais adicionam qualidade na presta\u00e7\u00e3o de nossos servi\u00e7os.<\/span><\/h5><div class=\"clearboth\"><\/div><div id=\"clients-69d62912ae9b9\" class=\"mk-clients-shortcode column-style bg-cover-false three-column  border-boxed\"><ul><li><a target=\"_self\" href=\"http:\/\/www.schandy.com\/\"><div title=\"Schandy\" class=\"client-logo\" style=\"background-image:url(https:\/\/moscontrading.com.br\/site\/wp-content\/uploads\/2014\/11\/schandy.png);  height:110px; \"><\/div><\/a><\/li><li><div title=\"Femarix\" class=\"client-logo\" style=\"background-image:url(https:\/\/moscontrading.com.br\/site\/wp-content\/uploads\/2014\/11\/femarix.png);  height:110px; \"><\/div><\/li><li><a target=\"_self\" href=\"http:\/\/www.brado.com.br\/\"><div title=\"BRADO\" class=\"client-logo\" style=\"background-image:url(https:\/\/moscontrading.com.br\/site\/wp-content\/uploads\/2015\/02\/brado.png);  height:110px; \"><\/div><\/a><\/li><\/ul><\/div>\n<style>\n\n#clients-69d62912ae9b9 {\n\tmargin-bottom:100px;\n}\n#clients-69d62912ae9b9 .client-logo {\n\t\n\tborder-color:transparent;;\n\tborder-width: 1px;\n\tborder-style: solid;\n\tmargin:0 autopx;\n\n\t\t\n\t\tborder-top-style: none;\n\t\tborder-left-style: none;\n\t\n}\n\n#clients-69d62912ae9b9 .client-logo:hover {\n\t\n}\n<\/style>\n\n\t<\/div><\/div><div class=\"clearboth\"><\/div><\/div><div class=\"clearboth\"><\/div><\/div>\n<style type='text\/css'>\n.full-width-69d62912ae1da {\n    min-height:100px;\n    padding:10px 0 10px;\n    \n    background-attachment:scroll;\n    background-color:#5c2321;\n    background-position:left top;\n    background-repeat:repeat;\n    margin-bottom:0px;\n    \n}\n     \n.full-width-69d62912ae1da .mk-fancy-title.pattern-style span, \n.full-width-69d62912ae1da .mk-blog-view-all\n{\n    background-color: #5c2321 !important;\n}<\/style><div class=\"mk-main-wrapper-holder\"><div class=\"theme-page-wrapper  -layout mk-grid vc_row-fluid row-fluid\"><div class=\"theme-content \"><div class=\"clearboth\"><\/div><\/div><\/div><\/div><div id=\"mk-page-section-69d62912b02d5\" data-intro-effect=\"false\" class=\"full-width-69d62912b02d5 mk-background-stretch  full-height-false parallax-false mk-page-section mk-blur-parent mk-shortcode  \" data-speedFactor=\"0.3\"><div class=\"mk-video-color-mask\"><\/div><div class=\"vc_row-fluid page-section-fullwidth page-section-content\"><div class=\"mk-padding-wrapper\">\n\t<div style=\"\" class=\"vc_col-sm-12 wpb_column column_container \">\n\t\t\t<h4 style=\"font-size: 30px;text-align:center;color: #ffffff;font-style:inhert;font-weight:normal;margin-top:0px;margin-bottom:0px; text-transform:none;letter-spacing:0px;\" id=\"fancy-title-69d62912b065b\" class=\"mk-shortcode mk-fancy-title fancy-title-align-center simple-style \"><span style=\"\">VAMOS CONVERSAR SOBRE NEG\u00d3CIOS!<\/span><\/h4><div class=\"clearboth\"><\/div><h4 style=\"font-size: 16px;text-align:center;color: rgba(255,255,255,0.5);font-style:inhert;font-weight:normal;margin-top:30px;margin-bottom:60px; text-transform:none;letter-spacing:0px;\" id=\"fancy-title-69d62912b0762\" class=\"mk-shortcode mk-fancy-title fancy-title-align-center simple-style \"><span style=\"\">Escreva para Moscon Trading, n\u00f3s podemos lhe ajudar.<\/span><\/h4><div class=\"clearboth\"><\/div><div class=\"mk-button-align center\"><a href=\"http:\/\/moscontrading.com.br\/site\/fale-conosco\/\" target=\"_self\"  class=\"mk-button outline-btn-light button-69d62912b0900 light outline-dimension large rounded \"><span>FALE CONOSCO<\/span><\/a><\/div>\n\n<style type=\"text\/css\">\n    .button-69d62912b0900 {\n                margin-bottom: 15px;\n                margin-top: 0px;\n                min-width: 0px !important;\n\n        }\n<\/style>\n\t<\/div><\/div><div class=\"clearboth\"><\/div><\/div><div class=\"clearboth\"><\/div><\/div>\n<style type='text\/css'>\n.full-width-69d62912b02d5 {\n    min-height:100px;\n    padding:100px 0 100px;\n    background-image:url(http:\/\/moscontrading.com.br\/site\/wp-content\/uploads\/2014\/09\/leathercontato1.jpg); \n    background-attachment:scroll;\n    \n    background-position:left top;\n    background-repeat:repeat;\n    margin-bottom:0px;\n    \n}\n     <\/style><div class=\"mk-main-wrapper-holder\"><div class=\"theme-page-wrapper  -layout mk-grid vc_row-fluid row-fluid\"><div class=\"theme-content \">\n","protected":false},"excerpt":{"rendered":"","protected":false},"author":1,"featured_media":0,"parent":0,"menu_order":0,"comment_status":"open","ping_status":"open","template":"","meta":{"footnotes":""},"_links":{"self":[{"href":"https:\/\/moscontrading.com.br\/site\/wp-json\/wp\/v2\/pages\/36"}],"collection":[{"href":"https:\/\/moscontrading.com.br\/site\/wp-json\/wp\/v2\/pages"}],"about":[{"href":"https:\/\/moscontrading.com.br\/site\/wp-json\/wp\/v2\/types\/page"}],"author":[{"embeddable":true,"href":"https:\/\/moscontrading.com.br\/site\/wp-json\/wp\/v2\/users\/1"}],"replies":[{"embeddable":true,"href":"https:\/\/moscontrading.com.br\/site\/wp-json\/wp\/v2\/comments?post=36"}],"version-history":[{"count":99,"href":"https:\/\/moscontrading.com.br\/site\/wp-json\/wp\/v2\/pages\/36\/revisions"}],"predecessor-version":[{"id":6326,"href":"https:\/\/moscontrading.com.br\/site\/wp-json\/wp\/v2\/pages\/36\/revisions\/6326"}],"wp:attachment":[{"href":"https:\/\/moscontrading.com.br\/site\/wp-json\/wp\/v2\/media?parent=36"}],"curies":[{"name":"wp","href":"https:\/\/api.w.org\/{rel}","templated":true}]}}