{"id":42,"date":"2014-09-24T13:12:03","date_gmt":"2014-09-24T13:12:03","guid":{"rendered":"http:\/\/artbees.net\/themes\/jupiter\/sponde\/?page_id=42"},"modified":"2015-02-01T03:02:21","modified_gmt":"2015-02-01T03:02:21","slug":"fale-conosco","status":"publish","type":"page","link":"https:\/\/moscontrading.com.br\/site\/fale-conosco\/","title":{"rendered":"Fale Conosco"},"content":{"rendered":"<\/div><\/div><\/div><div class=\"wpb_row vc_row  vc_row-fluid  mk-fullwidth-true add-padding-0 attched-true vc_row-fluid\">\n\t<div style=\"\" class=\"vc_col-sm-12 wpb_column column_container \">\n\t\t\t<div id=\"google-map-69f48bc1295c7\" class=\"mk-advanced-gmaps height:600px;\" data-map-type=\"ROADMAP\" style=\"height:600px;width:100%;\" data-zoom=\"14\" data-pin-icon=\"http:\/\/moscontrading.com.br\/site\/wp-content\/uploads\/2014\/09\/localico.png\" data-latitude=\"-16.467697\" data-longitude=\"-54.613068\" data-address=\"Moscon Trading\" data-latitude2=\"\" data-longitude2=\"\" data-address2=\"Rua Francisco Gabriel Sobrinho, 82 CEP: 78730-805 - Rondon\u00f3polis, MT - Brasil\" data-latitude3=\"\" data-longitude3=\"\" data-address3=\"\" data-pan-control=\"true\" data-zoom-control=\"true\" data-map-type-control=\"true\" data-scale-control=\"true\" data-draggable=\"true\" data-modify-coloring=\"false\" data-saturation=\"-80\" data-lightness=\"1\" data-hue=\"#ffffff\"><\/div>\n\t<\/div><\/div><div class=\"mk-main-wrapper-holder\"><div class=\"theme-page-wrapper full-layout mk-grid vc_row-fluid no-padding\"><div class=\"theme-content no-padding\"><\/div><\/div><\/div><div class=\"wpb_row vc_row  vc_row-fluid  mk-fullwidth-true add-padding-0 attched-true vc_row-fluid\">\n\t<div style=\"\" class=\"vc_col-sm-12 wpb_column column_container vc_custom_1421184556026 \">\n\t\t\t<h4 style=\"font-size: 30px;text-align:center;color: #ffffff;font-style:inhert;font-weight:normal;margin-top:0px;margin-bottom:0px; text-transform:none;letter-spacing:0px;\" id=\"fancy-title-69f48bc12b0e4\" class=\"mk-shortcode mk-fancy-title fancy-title-align-center simple-style \"><span style=\"\">Vamos conversar sobre neg\u00f3cios<\/span><\/h4><div class=\"clearboth\"><\/div>\n\t<\/div><\/div><div class=\"mk-main-wrapper-holder\"><div class=\"theme-page-wrapper full-layout mk-grid vc_row-fluid no-padding\"><div class=\"theme-content no-padding\"><div class=\"wpb_row vc_row  vc_row-fluid  mk-fullwidth-false  attched-false vc_row-fluid\">\n\t<div style=\"\" class=\"vc_col-sm-12 wpb_column column_container vc_custom_1411650158204 \">\n\t\t\t<div class=\"wpb_row vc_row  vc_row-fluid  mk-fullwidth-false  attched-false vc_row-fluid\">\n\t<div style=\"\" class=\"vc_col-sm-4 wpb_column column_container \">\n\t\t\t<h4 style=\"font-size: 20px;text-align:left;color: #333333;font-style:inhert;font-weight:normal;margin-top:0px;margin-bottom:18px; text-transform:none;letter-spacing:0px;\" id=\"fancy-title-69f48bc12c6cf\" class=\"mk-shortcode mk-fancy-title fancy-title-align-left simple-style \"><span style=\"\">Informa\u00e7\u00e3o para contato<\/span><\/h4><div class=\"clearboth\"><\/div>\t<div style=\" margin-bottom:0px;text-align: left;\" class=\"mk-text-block  \"><p>Rua Francisco Gabriel Sobrinho, 82<br \/>\nCEP: 78730-805 &#8211; Rondon\u00f3polis, MT &#8211; Brasil<br \/>\n<a href=\"mailto:contato@moscontrading.com.br\">contato@moscontrading.com.br<\/a><\/p>\n<div class=\"clearboth\"><\/div><\/div> \n\t<\/div>\n\t<div style=\"\" class=\"vc_col-sm-8 wpb_column column_container \">\n\t\t\t<div class=\"mk-contact-form-wrapper mk-shortcode contact-dark outline-style \"><form class=\"mk-contact-form\" method=\"post\" novalidate=\"novalidate\"><div class=\"mk-form-row\"><input placeholder=\"Your Name\" type=\"text\" required=\"required\" name=\"contact_name\" class=\"text-input half\" value=\"\" tabindex=\"69f48bc12e3d5\" \/><input placeholder=\"Your Email\" type=\"email\" required=\"required\" name=\"contact_email\" class=\"text-input half\" value=\"\" tabindex=\"71\" \/><\/div><div class=\"mk-form-row\"><textarea required=\"required\" placeholder=\"Your message\" name=\"contact_content\" class=\"mk-textarea\" tabindex=\"72\"><\/textarea><\/div><div class=\"mk-form-row\">\n                    <input placeholder=\"Enter Captcha\" type=\"text\" name=\"captcha\" class=\"captcha-form text-input full\" required=\"required\" autocomplete=\"off\" \/>\n                    <div class=\"captcha-block\">\n                        <img decoding=\"async\" src=\"https:\/\/moscontrading.com.br\/site\/wp-content\/themes\/jupiter\/captcha\/captcha.php\" class=\"captcha-image\" alt=\"captcha txt\">\n                        <a href=\"#\" class=\"captcha-change-image\">Not readable? <br\/> Change text.<\/a>\n                    <\/div>\n                <\/div><div class=\"mk-form-row\">\n                    <button tabindex=\"73\" class=\"mk-progress-button contact-outline-submit outline-btn-dark\" data-style=\"move-up\">\n                        <span class=\"mk-progress-button-content\">Submit<\/span>\n                        <span class=\"mk-progress\">\n                            <span class=\"mk-progress-inner\"><\/span>\n                        <\/span>\n                        <span class=\"state-success\"><i class=\"mk-moon-checkmark\"><\/i><\/span>\n                        <span class=\"state-error\"><i class=\"mk-moon-close\"><\/i><\/span>\n                    <\/button>\n                <\/div><input type=\"hidden\" value=\"&#99;&#111;nt&#97;&#116;o&#64;&#109;&#111;&#115;&#99;ontr&#97;d&#105;n&#103;.co&#109;.b&#114;\" name=\"contact_to\"\/><\/form><div class=\"clearboth\"><\/div><\/div>\n<style>    \n    .corporate-style #mk-contact-form-69f48bc12e3d5 .text-input,\n    .corporate-style #mk-contact-form-69f48bc12e3d5 .mk-textarea {\n        background-color: #f6f6f6;\n        border-color: #f6f6f6;\n        color: #373737;\n    }   \n\n    .corporate-style #mk-contact-form-69f48bc12e3d5 ::-webkit-input-placeholder {\n       color: rgba(55,55,55,0.6);\n    }\n\n    .corporate-style #mk-contact-form-69f48bc12e3d5 :-moz-placeholder { \/* Firefox 18- *\/\n       color: rgba(55,55,55,0.6);  \n    }\n\n    .corporate-style #mk-contact-form-69f48bc12e3d5 ::-moz-placeholder {  \/* Firefox 19+ *\/\n       color: rgba(55,55,55,0.6);  \n    }\n\n    .corporate-style #mk-contact-form-69f48bc12e3d5 :-ms-input-placeholder {  \n       color: rgba(55,55,55,0.6);  \n    }\n\n    .corporate-style #mk-contact-form-69f48bc12e3d5 .contact-submit {\n        background-color: #373737;\n        color: #ffffff;\n    }\n    .corporate-style #mk-contact-form-69f48bc12e3d5 .mk-progress-inner {\n        background-color: #ffffff;\n        opacity: .4;\n    }\n\n<\/style>\n\t<\/div><\/div>\n\t<\/div><\/div>\n","protected":false},"excerpt":{"rendered":"Vamos conversar sobre neg\u00f3cios Informa\u00e7\u00e3o para contato Rua Francisco Gabriel Sobrinho, 82 CEP: 78730-805 - Rondon\u00f3polis, MT - Brasil contato@moscontrading.com.br Not readable? Change text. Submit .corporate-style #mk-contact-form-69f48bc12f43d .text-input, .corporate-style #mk-contact-form-69f48bc12f43d .mk-textarea { background-color: #f6f6f6; border-color: #f6f6f6; color: #373737; } .corporate-style #mk-contact-form-69f48bc12f43d ::-webkit-input-placeholder { color: rgba(55,55,55,0.6); } .corporate-style #mk-contact-form-69f48bc12f43d :-moz-placeholder { \/* Firefox 18- *\/ color: [...]","protected":false},"author":1,"featured_media":0,"parent":0,"menu_order":0,"comment_status":"open","ping_status":"open","template":"","meta":{"footnotes":""},"_links":{"self":[{"href":"https:\/\/moscontrading.com.br\/site\/wp-json\/wp\/v2\/pages\/42"}],"collection":[{"href":"https:\/\/moscontrading.com.br\/site\/wp-json\/wp\/v2\/pages"}],"about":[{"href":"https:\/\/moscontrading.com.br\/site\/wp-json\/wp\/v2\/types\/page"}],"author":[{"embeddable":true,"href":"https:\/\/moscontrading.com.br\/site\/wp-json\/wp\/v2\/users\/1"}],"replies":[{"embeddable":true,"href":"https:\/\/moscontrading.com.br\/site\/wp-json\/wp\/v2\/comments?post=42"}],"version-history":[{"count":11,"href":"https:\/\/moscontrading.com.br\/site\/wp-json\/wp\/v2\/pages\/42\/revisions"}],"predecessor-version":[{"id":6213,"href":"https:\/\/moscontrading.com.br\/site\/wp-json\/wp\/v2\/pages\/42\/revisions\/6213"}],"wp:attachment":[{"href":"https:\/\/moscontrading.com.br\/site\/wp-json\/wp\/v2\/media?parent=42"}],"curies":[{"name":"wp","href":"https:\/\/api.w.org\/{rel}","templated":true}]}}